{"id":196,"date":"2020-05-18T10:00:35","date_gmt":"2020-05-18T10:00:35","guid":{"rendered":"https:\/\/lacarta.rest\/politica-de-proteccio-de-dades\/"},"modified":"2020-05-19T14:08:18","modified_gmt":"2020-05-19T14:08:18","slug":"politica-de-proteccion-de-datos","status":"publish","type":"page","link":"https:\/\/lacarta.rest\/es\/politica-de-proteccion-de-datos\/","title":{"rendered":"Pol\u00edtica de protecci\u00f3n de datos"},"content":{"rendered":"<p><span style=\"font-weight: 400;\">En cumplimiento de lo dispuesto en REGLAMENTO (UE) 2016\/679 DEL PARLAMENTO EUROPEO Y DEL CONSEJO de 27 de abril de 2016 (en adelante, \u201cRGPD\u201d) relativo a la protecci\u00f3n de las personas f\u00edsicas en lo que respecta al tratamiento de datos personales y a la libre circulaci\u00f3n de estos datos, PRODUCCIONS PLANET\u00c0RIES SOLUCIONS AUDIOVISUALS, S.L. (en adelante PRODUCCIONS PLANET\u00c0RIES) le informa como RESPONSABLE DEL TRATAMIENTO de que todos los datos de car\u00e1cter personal que nos proporcione a trav\u00e9s de este documento o cualquier formulario automatizado o no proporcionado por la empresa, ser\u00e1n incorporados a un fichero de datos mantenido bajo estrictas medidas de seguridad y confidencialidad, y se mantendr\u00e1n almacenados mientras gestionamos sus peticiones o consultas, mientras exista una relaci\u00f3n de servicios vigente o hasta que usted nos indique lo contrario.<\/span><\/p>\n<p><span style=\"font-weight: 400;\">Las finalidades de las operaciones de procesamiento de datos que realizamos como responsable de tratamiento son exclusivamente el env\u00edo de comunicaciones comerciales y promocionales, la gesti\u00f3n de la relaci\u00f3n contractual con los clientes, el mantenimiento de listas de supresi\u00f3n actualizadas para evitar ser contactado si usted lo solicita, permitir el funcionamiento de nuestro sitio web\/aplicaciones a trav\u00e9s de cookies t\u00e9cnicas y funcionales, la realizaci\u00f3n de estad\u00edsticas, as\u00ed como para fines comerciales y de mejora de su experiencia en l\u00ednea.<\/span><\/p>\n<p><span style=\"font-weight: 400;\">Las categor\u00edas de datos tratados por PRODUCCIONS PLANET\u00c0RIES\u00a0 corresponden a<\/span><\/p>\n<p><i><span style=\"font-weight: 400;\">(i)\u00a0 <\/span><\/i> <i><span style=\"font-weight: 400;\">Datos de identificativo,<\/span><\/i><\/p>\n<p><i><span style=\"font-weight: 400;\">(ii) <\/span><\/i> <i><span style=\"font-weight: 400;\">Direcciones postales o electr\u00f3nicas<\/span><\/i><\/p>\n<p><i><span style=\"font-weight: 400;\">(iii)<\/span><\/i> <i><span style=\"font-weight: 400;\">Informaci\u00f3n comercial y econ\u00f3mica,<\/span><\/i><\/p>\n<p><i><span style=\"font-weight: 400;\">(iv)<\/span><\/i> <i><span style=\"font-weight: 400;\">caracter\u00edsticas personales.<\/span><\/i><\/p>\n<p><span style=\"font-weight: 400;\">Mientras no se nos comunique lo contrario, entenderemos que los datos facilitados no han sido modificados, que usted se compromete a notificarnos cualquier variaci\u00f3n y que tenemos su consentimiento para utilizarlos para las finalidades mencionadas.<\/span><\/p>\n<p><span style=\"font-weight: 400;\">La base legal para los distintos tratamientos en funci\u00f3n de las distintas finalidades perseguidas es de:<\/span><\/p>\n<p><i><span style=\"font-weight: 400;\">(i)\u00a0 <\/span><\/i> <i><span style=\"font-weight: 400;\">Env\u00edo de comunicaciones comerciales y promocionales: CONSENTIMIENTO EXPRESO.<\/span><\/i><\/p>\n<p><i><span style=\"font-weight: 400;\">(ii) <\/span><\/i> <i><span style=\"font-weight: 400;\">la gesti\u00f3n de la relaci\u00f3n contractual con los clientes, gesti\u00f3n de consultas y requerimientos web: CUMPLIMIENTO DE UNA RELACI\u00d3N CONTRACTUAL e INTER\u00c9S LEG\u00cdTIMO.<\/span><\/i><\/p>\n<p><i><span style=\"font-weight: 400;\">(iii)\u00a0 Mantenimiento de listas de supresi\u00f3n actualizadas para evitar ser contactado si usted lo solicita. INTER\u00c9S LEG\u00cdTIMO.<\/span><\/i><\/p>\n<p><i><span style=\"font-weight: 400;\">(iv)<\/span><\/i> <i><span style=\"font-weight: 400;\">Permitir el funcionamiento de nuestro sitio web\/aplicaciones a trav\u00e9s de cookies t\u00e9cnicas y funcionales: INTER\u00c9S LEG\u00cdTIMO.<\/span><\/i><\/p>\n<p><i><span style=\"font-weight: 400;\">(v) <\/span><\/i> <i><span style=\"font-weight: 400;\">Realizaci\u00f3n de estad\u00edsticas: INTER\u00c9S LEG\u00cdTIMO.<\/span><\/i><\/p>\n<p><span style=\"font-weight: 400;\">Le informamos que el uso de los formularios disponibles en este documento est\u00e1 limitado a usuarios mayores de edad, por lo que al utilizar cualquiera de ellos, usted garantiza que cumple con este requisito y acepta las consecuencias que se deriven en caso de no ser as\u00ed. Los formularios puestos a su disposici\u00f3n pueden rellenarse en el idioma que usted desee, sin embargo, PRODUCCIONS PLANET\u00c0RIES no se hace responsable de los errores o de la imposibilidad de atender su solicitud debido al uso de un idioma inadecuado. La cumplimentaci\u00f3n de los formularios, as\u00ed como de cualquier otro cuestionario que pueda facilitarse en un futuro, es totalmente potestativa, no obstante, la negativa a facilitar determinados datos, podr\u00e1 suponer la imposibilidad de cumplir con su petici\u00f3n.<\/span><\/p>\n<p><span style=\"font-weight: 400;\">PRODUCCIONS PLANET\u00c0RIES ha adoptado los niveles de seguridad de protecci\u00f3n de los datos personales legalmente requeridos, y procura instalar aquellos medios o medidas t\u00e9cnicas adicionales a su alcance para evitar la p\u00e9rdida, mal uso, alteraci\u00f3n, acceso no autorizado y robo de los datos personales facilitados, y por eso le garantizamos la mayor confidencialidad en su tratamiento, confirmando que no se realizar\u00e1 ninguna cesi\u00f3n de los mismos a terceros.<\/span><\/p>\n<p><span style=\"font-weight: 400;\">Al entregar voluntariamente sus datos CONSIENTE EXPRESAMENTE su tratamiento automatizado o no por parte de PRODUCCIONS PLANET\u00c0RIES, as\u00ed como su comunicaci\u00f3n a entidades cuya conexi\u00f3n con sus datos sea necesaria o legalmente obligatoria, y en el caso de comunicaciones comerciales v\u00eda correo electr\u00f3nico o medio equivalente, CONSIENTE EXPRESAMENTE su recepci\u00f3n.<\/span><\/p>\n<p><span style=\"font-weight: 400;\">El consentimiento otorgado podr\u00e1 ser revocado en cualquier momento mediante el ejercicio de los derechos de limitaci\u00f3n del tratamiento, portabilidad de los datos, acceso, rectificaci\u00f3n, cancelaci\u00f3n y oposici\u00f3n, que PRODUCCIONS PLANET\u00c0RIES le garantiza, dirigi\u00e9ndose por escrito a <\/span><span style=\"font-weight: 400;\">rgpd@propla.net<\/span><span style=\"font-weight: 400;\">.<\/span><\/p>\n<p><span style=\"font-weight: 400;\">Como medida de proactividad en la seguridad de los datos, PRODUCCIONS PLANET\u00c0RIES ha asignado de forma voluntaria como DPD (Delegado de Protecci\u00f3n de Datos) a BELLAVISTA LEGAL, S.L., por lo que para dirimir cualquier duda, queja o sugerencia sobre el tratamiento y registro de las operaciones de procesamiento puede ponerse en contacto con el DPD asignado a la siguiente direcci\u00f3n: <\/span><span style=\"font-weight: 400;\">dpd@bellavistalegal.eu<\/span><\/p>\n<p><span style=\"font-weight: 400;\">PRODUCCIONS PLANET\u00c0RIES se reserva el derecho y le informa que la presente pol\u00edtica de privacidad puede ser modificada con el fin de cumplir con el Principio de transparencia del RGPD y adaptarse a los cambios legislativos en materia de Protecci\u00f3n de Datos. Le recomendamos que consulte asiduamente nuestra Pol\u00edtica de Privacidad.<\/span><\/p>\n","protected":false},"excerpt":{"rendered":"<p>En cumplimiento de lo dispuesto en REGLAMENTO (UE) 2016\/679 DEL PARLAMENTO EUROPEO Y DEL CONSEJO de 27 de abril de 2016 (en adelante, \u201cRGPD\u201d) relativo a la protecci\u00f3n de las personas f\u00edsicas en lo que respecta al tratamiento de datos personales y a la libre circulaci\u00f3n de estos datos, PRODUCCIONS PLANET\u00c0RIES SOLUCIONS AUDIOVISUALS, S.L. (en [&hellip;]<\/p>\n","protected":false},"author":1,"featured_media":0,"parent":0,"menu_order":0,"comment_status":"closed","ping_status":"closed","template":"page-legal.php","meta":{"_acf_changed":false,"footnotes":""},"class_list":["post-196","page","type-page","status-publish","hentry"],"acf":[],"_links":{"self":[{"href":"https:\/\/lacarta.rest\/es\/wp-json\/wp\/v2\/pages\/196","targetHints":{"allow":["GET"]}}],"collection":[{"href":"https:\/\/lacarta.rest\/es\/wp-json\/wp\/v2\/pages"}],"about":[{"href":"https:\/\/lacarta.rest\/es\/wp-json\/wp\/v2\/types\/page"}],"author":[{"embeddable":true,"href":"https:\/\/lacarta.rest\/es\/wp-json\/wp\/v2\/users\/1"}],"replies":[{"embeddable":true,"href":"https:\/\/lacarta.rest\/es\/wp-json\/wp\/v2\/comments?post=196"}],"version-history":[{"count":1,"href":"https:\/\/lacarta.rest\/es\/wp-json\/wp\/v2\/pages\/196\/revisions"}],"predecessor-version":[{"id":198,"href":"https:\/\/lacarta.rest\/es\/wp-json\/wp\/v2\/pages\/196\/revisions\/198"}],"wp:attachment":[{"href":"https:\/\/lacarta.rest\/es\/wp-json\/wp\/v2\/media?parent=196"}],"curies":[{"name":"wp","href":"https:\/\/api.w.org\/{rel}","templated":true}]}}